{"id":2275,"date":"2024-07-01T11:14:03","date_gmt":"2024-07-01T14:14:03","guid":{"rendered":"https:\/\/ziivoti.com\/?page_id=2275"},"modified":"2026-03-11T11:11:09","modified_gmt":"2026-03-11T14:11:09","slug":"contato","status":"publish","type":"page","link":"https:\/\/ziivoti.com\/sk\/contato\/","title":{"rendered":"Kontakt"},"content":{"rendered":"<p>Tem alguma d\u00favida, sugest\u00e3o, cr\u00edtica ou quer apenas trocar uma ideia com a gente? Aqui no nosso site, a sua opini\u00e3o \u00e9 muito importante!<\/p>\n\n\n\n<p>Se voc\u00ea quer:<\/p>\n\n\n\n<ul class=\"wp-block-list\">\n<li>Sugerir um tema curioso para a gente publicar<\/li>\n\n\n\n<li>Relatar algum erro ou problema no site<\/li>\n\n\n\n<li>Fazer parcerias ou anunciar conosco<\/li>\n\n\n\n<li>Ou simplesmente dizer um \u201coi\u201d \ud83d\udc4b<\/li>\n<\/ul>\n\n\n\n<p>\u00c9 s\u00f3 mandar um e-mail para:<br><strong>\ud83d\udce7 <a href=\"mailto:contato@trek.mobi\">contato@trek.mobi<\/a><\/strong><\/p>\n\n\n\n<p>Prometemos ler com carinho e responder o mais r\u00e1pido poss\u00edvel.<br>Ah, e se for algo urgente, coloca \u201cURGENTE\u201d no assunto do e-mail, beleza?<\/p>\n\n\n\n<p>Obrigado por fazer parte da nossa comunidade curiosa! \ud83d\ude09<\/p>\n\n\n\n<hr class=\"wp-block-separator has-alpha-channel-opacity\"\/>","protected":false},"excerpt":{"rendered":"<p>Tem alguma d\u00favida, sugest\u00e3o, cr\u00edtica ou quer apenas trocar uma ideia com a gente? Aqui no nosso site, a sua&#8230;<\/p>","protected":false},"author":7,"featured_media":0,"parent":0,"menu_order":0,"comment_status":"closed","ping_status":"closed","template":"","meta":{"footnotes":""},"class_list":["post-2275","page","type-page","status-publish","hentry"],"yoast_head":"<!-- This site is optimized with the Yoast SEO plugin v27.4 - https:\/\/yoast.com\/product\/yoast-seo-wordpress\/ -->\n<title>Contato - Ziivoti<\/title>\n<meta name=\"robots\" content=\"index, follow, max-snippet:-1, max-image-preview:large, max-video-preview:-1\" \/>\n<link rel=\"canonical\" href=\"https:\/\/ziivoti.com\/sk\/contato\/\" \/>\n<meta property=\"og:locale\" content=\"sk_SK\" \/>\n<meta property=\"og:type\" content=\"article\" \/>\n<meta property=\"og:title\" content=\"Contato - Ziivoti\" \/>\n<meta property=\"og:description\" content=\"Tem alguma d\u00favida, sugest\u00e3o, cr\u00edtica ou quer apenas trocar uma ideia com a gente? Aqui no nosso site, a sua...\" \/>\n<meta property=\"og:url\" content=\"https:\/\/ziivoti.com\/sk\/contato\/\" \/>\n<meta property=\"og:site_name\" content=\"Ziivoti\" \/>\n<meta property=\"article:modified_time\" content=\"2026-03-11T14:11:09+00:00\" \/>\n<meta name=\"twitter:card\" content=\"summary_large_image\" \/>\n<meta name=\"twitter:label1\" content=\"Predpokladan\u00fd \u010das \u010d\u00edtania\" \/>\n\t<meta name=\"twitter:data1\" content=\"1 min\u00fata\" \/>\n<script type=\"application\/ld+json\" class=\"yoast-schema-graph\">{\"@context\":\"https:\\\/\\\/schema.org\",\"@graph\":[{\"@type\":\"WebPage\",\"@id\":\"https:\\\/\\\/ziivoti.com\\\/contato\\\/\",\"url\":\"https:\\\/\\\/ziivoti.com\\\/contato\\\/\",\"name\":\"Contato - Ziivoti\",\"isPartOf\":{\"@id\":\"https:\\\/\\\/ziivoti.com\\\/#website\"},\"datePublished\":\"2024-07-01T14:14:03+00:00\",\"dateModified\":\"2026-03-11T14:11:09+00:00\",\"breadcrumb\":{\"@id\":\"https:\\\/\\\/ziivoti.com\\\/contato\\\/#breadcrumb\"},\"inLanguage\":\"sk-SK\",\"potentialAction\":[{\"@type\":\"ReadAction\",\"target\":[\"https:\\\/\\\/ziivoti.com\\\/contato\\\/\"]}]},{\"@type\":\"BreadcrumbList\",\"@id\":\"https:\\\/\\\/ziivoti.com\\\/contato\\\/#breadcrumb\",\"itemListElement\":[{\"@type\":\"ListItem\",\"position\":1,\"name\":\"In\u00edcio\",\"item\":\"https:\\\/\\\/ziivoti.com\\\/\"},{\"@type\":\"ListItem\",\"position\":2,\"name\":\"Contato\"}]},{\"@type\":\"WebSite\",\"@id\":\"https:\\\/\\\/ziivoti.com\\\/#website\",\"url\":\"https:\\\/\\\/ziivoti.com\\\/\",\"name\":\"Ziivoti\",\"description\":\"Curiosidades, Receitas e Dicas.\",\"publisher\":{\"@id\":\"https:\\\/\\\/ziivoti.com\\\/#organization\"},\"potentialAction\":[{\"@type\":\"SearchAction\",\"target\":{\"@type\":\"EntryPoint\",\"urlTemplate\":\"https:\\\/\\\/ziivoti.com\\\/?s={search_term_string}\"},\"query-input\":{\"@type\":\"PropertyValueSpecification\",\"valueRequired\":true,\"valueName\":\"search_term_string\"}}],\"inLanguage\":\"sk-SK\"},{\"@type\":\"Organization\",\"@id\":\"https:\\\/\\\/ziivoti.com\\\/#organization\",\"name\":\"Ziivoti\",\"url\":\"https:\\\/\\\/ziivoti.com\\\/\",\"logo\":{\"@type\":\"ImageObject\",\"inLanguage\":\"sk-SK\",\"@id\":\"https:\\\/\\\/ziivoti.com\\\/#\\\/schema\\\/logo\\\/image\\\/\",\"url\":\"https:\\\/\\\/ziivoti.com\\\/wp-content\\\/uploads\\\/2026\\\/03\\\/logo-ziivoti.png\",\"contentUrl\":\"https:\\\/\\\/ziivoti.com\\\/wp-content\\\/uploads\\\/2026\\\/03\\\/logo-ziivoti.png\",\"width\":186,\"height\":40,\"caption\":\"Ziivoti\"},\"image\":{\"@id\":\"https:\\\/\\\/ziivoti.com\\\/#\\\/schema\\\/logo\\\/image\\\/\"}}]}<\/script>\n<!-- \/ Yoast SEO plugin. -->","yoast_head_json":{"title":"Contato - Ziivoti","robots":{"index":"index","follow":"follow","max-snippet":"max-snippet:-1","max-image-preview":"max-image-preview:large","max-video-preview":"max-video-preview:-1"},"canonical":"https:\/\/ziivoti.com\/sk\/contato\/","og_locale":"sk_SK","og_type":"article","og_title":"Contato - Ziivoti","og_description":"Tem alguma d\u00favida, sugest\u00e3o, cr\u00edtica ou quer apenas trocar uma ideia com a gente? Aqui no nosso site, a sua...","og_url":"https:\/\/ziivoti.com\/sk\/contato\/","og_site_name":"Ziivoti","article_modified_time":"2026-03-11T14:11:09+00:00","twitter_card":"summary_large_image","twitter_misc":{"Predpokladan\u00fd \u010das \u010d\u00edtania":"1 min\u00fata"},"schema":{"@context":"https:\/\/schema.org","@graph":[{"@type":"WebPage","@id":"https:\/\/ziivoti.com\/contato\/","url":"https:\/\/ziivoti.com\/contato\/","name":"Contato - Ziivoti","isPartOf":{"@id":"https:\/\/ziivoti.com\/#website"},"datePublished":"2024-07-01T14:14:03+00:00","dateModified":"2026-03-11T14:11:09+00:00","breadcrumb":{"@id":"https:\/\/ziivoti.com\/contato\/#breadcrumb"},"inLanguage":"sk-SK","potentialAction":[{"@type":"ReadAction","target":["https:\/\/ziivoti.com\/contato\/"]}]},{"@type":"BreadcrumbList","@id":"https:\/\/ziivoti.com\/contato\/#breadcrumb","itemListElement":[{"@type":"ListItem","position":1,"name":"In\u00edcio","item":"https:\/\/ziivoti.com\/"},{"@type":"ListItem","position":2,"name":"Contato"}]},{"@type":"WebSite","@id":"https:\/\/ziivoti.com\/#website","url":"https:\/\/ziivoti.com\/","name":"Ziivoti","description":"Zauj\u00edmavosti, recepty a tipy.","publisher":{"@id":"https:\/\/ziivoti.com\/#organization"},"potentialAction":[{"@type":"SearchAction","target":{"@type":"EntryPoint","urlTemplate":"https:\/\/ziivoti.com\/?s={search_term_string}"},"query-input":{"@type":"PropertyValueSpecification","valueRequired":true,"valueName":"search_term_string"}}],"inLanguage":"sk-SK"},{"@type":"Organization","@id":"https:\/\/ziivoti.com\/#organization","name":"Ziivoti","url":"https:\/\/ziivoti.com\/","logo":{"@type":"ImageObject","inLanguage":"sk-SK","@id":"https:\/\/ziivoti.com\/#\/schema\/logo\/image\/","url":"https:\/\/ziivoti.com\/wp-content\/uploads\/2026\/03\/logo-ziivoti.png","contentUrl":"https:\/\/ziivoti.com\/wp-content\/uploads\/2026\/03\/logo-ziivoti.png","width":186,"height":40,"caption":"Ziivoti"},"image":{"@id":"https:\/\/ziivoti.com\/#\/schema\/logo\/image\/"}}]}},"_links":{"self":[{"href":"https:\/\/ziivoti.com\/sk\/wp-json\/wp\/v2\/pages\/2275","targetHints":{"allow":["GET"]}}],"collection":[{"href":"https:\/\/ziivoti.com\/sk\/wp-json\/wp\/v2\/pages"}],"about":[{"href":"https:\/\/ziivoti.com\/sk\/wp-json\/wp\/v2\/types\/page"}],"author":[{"embeddable":true,"href":"https:\/\/ziivoti.com\/sk\/wp-json\/wp\/v2\/users\/7"}],"replies":[{"embeddable":true,"href":"https:\/\/ziivoti.com\/sk\/wp-json\/wp\/v2\/comments?post=2275"}],"version-history":[{"count":5,"href":"https:\/\/ziivoti.com\/sk\/wp-json\/wp\/v2\/pages\/2275\/revisions"}],"predecessor-version":[{"id":11739,"href":"https:\/\/ziivoti.com\/sk\/wp-json\/wp\/v2\/pages\/2275\/revisions\/11739"}],"wp:attachment":[{"href":"https:\/\/ziivoti.com\/sk\/wp-json\/wp\/v2\/media?parent=2275"}],"curies":[{"name":"wp","href":"https:\/\/api.w.org\/{rel}","templated":true}]}}