{"id":2035,"date":"2024-05-21T14:07:01","date_gmt":"2024-05-21T17:07:01","guid":{"rendered":"https:\/\/ziivoti.com\/?page_id=2035"},"modified":"2024-05-21T14:07:03","modified_gmt":"2024-05-21T17:07:03","slug":"download","status":"publish","type":"page","link":"https:\/\/ziivoti.com\/it\/download\/","title":{"rendered":"Download"},"content":{"rendered":"<div class=\"descargar2\">\n<div class=\"header-descargar\">\n<img id=\"downloadThumb\">\n<h1 id=\"downloadTitle\">&nbsp;<\/h1>\n<\/div>\n<div class=\"redirect\">\n<h2 style=\"border-left: 0px solid #8dbd38 !important;\">Estamos redirecionando voc\u00ea para a Loja de Aplicativos<\/h2>\n<div class=\"loading\" style=\"text-align: center;\">\n  <img loading=\"lazy\" decoding=\"async\" src=\"\/loading.webp\" width=\"100\" height=\"100\" style=\"display: inline-block; border-radius: 0px !important; box-shadow: 0px 0px 0px rgba(0, 0, 0, 0) !important;\">\n<\/div>\n<div class=\"notload\">Se voc\u00ea n\u00e3o for redirecionado automaticamente, <a id=\"downloadClick\">clicca qui<\/a><\/div>\n<\/div>\n<\/div>","protected":false},"excerpt":{"rendered":"<p>&nbsp; Estamos redirecionando voc\u00ea para a Loja de Aplicativos Se voc\u00ea n\u00e3o for redirecionado automaticamente, clique aqui<\/p>","protected":false},"author":7,"featured_media":0,"parent":0,"menu_order":0,"comment_status":"closed","ping_status":"closed","template":"","meta":{"footnotes":""},"class_list":["post-2035","page","type-page","status-publish","hentry"],"yoast_head":"<!-- This site is optimized with the Yoast SEO plugin v27.4 - https:\/\/yoast.com\/product\/yoast-seo-wordpress\/ -->\n<title>Download - Ziivoti<\/title>\n<meta name=\"robots\" content=\"index, follow, max-snippet:-1, max-image-preview:large, max-video-preview:-1\" \/>\n<link rel=\"canonical\" href=\"https:\/\/ziivoti.com\/it\/download\/\" \/>\n<meta property=\"og:locale\" content=\"it_IT\" \/>\n<meta property=\"og:type\" content=\"article\" \/>\n<meta property=\"og:title\" content=\"Download - Ziivoti\" \/>\n<meta property=\"og:description\" content=\"&nbsp; Estamos redirecionando voc\u00ea para a Loja de Aplicativos Se voc\u00ea n\u00e3o for redirecionado automaticamente, clique aqui\" \/>\n<meta property=\"og:url\" content=\"https:\/\/ziivoti.com\/it\/download\/\" \/>\n<meta property=\"og:site_name\" content=\"Ziivoti\" \/>\n<meta property=\"article:modified_time\" content=\"2024-05-21T17:07:03+00:00\" \/>\n<meta name=\"twitter:card\" content=\"summary_large_image\" \/>\n<meta name=\"twitter:label1\" content=\"Tempo di lettura stimato\" \/>\n\t<meta name=\"twitter:data1\" content=\"1 minuto\" \/>\n<script type=\"application\/ld+json\" class=\"yoast-schema-graph\">{\"@context\":\"https:\\\/\\\/schema.org\",\"@graph\":[{\"@type\":\"WebPage\",\"@id\":\"https:\\\/\\\/ziivoti.com\\\/download\\\/\",\"url\":\"https:\\\/\\\/ziivoti.com\\\/download\\\/\",\"name\":\"Download - Ziivoti\",\"isPartOf\":{\"@id\":\"https:\\\/\\\/ziivoti.com\\\/#website\"},\"datePublished\":\"2024-05-21T17:07:01+00:00\",\"dateModified\":\"2024-05-21T17:07:03+00:00\",\"breadcrumb\":{\"@id\":\"https:\\\/\\\/ziivoti.com\\\/download\\\/#breadcrumb\"},\"inLanguage\":\"it-IT\",\"potentialAction\":[{\"@type\":\"ReadAction\",\"target\":[\"https:\\\/\\\/ziivoti.com\\\/download\\\/\"]}]},{\"@type\":\"BreadcrumbList\",\"@id\":\"https:\\\/\\\/ziivoti.com\\\/download\\\/#breadcrumb\",\"itemListElement\":[{\"@type\":\"ListItem\",\"position\":1,\"name\":\"In\u00edcio\",\"item\":\"https:\\\/\\\/ziivoti.com\\\/\"},{\"@type\":\"ListItem\",\"position\":2,\"name\":\"Download\"}]},{\"@type\":\"WebSite\",\"@id\":\"https:\\\/\\\/ziivoti.com\\\/#website\",\"url\":\"https:\\\/\\\/ziivoti.com\\\/\",\"name\":\"Ziivoti\",\"description\":\"Curiosidades, Receitas e Dicas.\",\"publisher\":{\"@id\":\"https:\\\/\\\/ziivoti.com\\\/#organization\"},\"potentialAction\":[{\"@type\":\"SearchAction\",\"target\":{\"@type\":\"EntryPoint\",\"urlTemplate\":\"https:\\\/\\\/ziivoti.com\\\/?s={search_term_string}\"},\"query-input\":{\"@type\":\"PropertyValueSpecification\",\"valueRequired\":true,\"valueName\":\"search_term_string\"}}],\"inLanguage\":\"it-IT\"},{\"@type\":\"Organization\",\"@id\":\"https:\\\/\\\/ziivoti.com\\\/#organization\",\"name\":\"Ziivoti\",\"url\":\"https:\\\/\\\/ziivoti.com\\\/\",\"logo\":{\"@type\":\"ImageObject\",\"inLanguage\":\"it-IT\",\"@id\":\"https:\\\/\\\/ziivoti.com\\\/#\\\/schema\\\/logo\\\/image\\\/\",\"url\":\"https:\\\/\\\/ziivoti.com\\\/wp-content\\\/uploads\\\/2026\\\/03\\\/logo-ziivoti.png\",\"contentUrl\":\"https:\\\/\\\/ziivoti.com\\\/wp-content\\\/uploads\\\/2026\\\/03\\\/logo-ziivoti.png\",\"width\":186,\"height\":40,\"caption\":\"Ziivoti\"},\"image\":{\"@id\":\"https:\\\/\\\/ziivoti.com\\\/#\\\/schema\\\/logo\\\/image\\\/\"}}]}<\/script>\n<!-- \/ Yoast SEO plugin. -->","yoast_head_json":{"title":"Download - Ziivoti","robots":{"index":"index","follow":"follow","max-snippet":"max-snippet:-1","max-image-preview":"max-image-preview:large","max-video-preview":"max-video-preview:-1"},"canonical":"https:\/\/ziivoti.com\/it\/download\/","og_locale":"it_IT","og_type":"article","og_title":"Download - Ziivoti","og_description":"&nbsp; Estamos redirecionando voc\u00ea para a Loja de Aplicativos Se voc\u00ea n\u00e3o for redirecionado automaticamente, clique aqui","og_url":"https:\/\/ziivoti.com\/it\/download\/","og_site_name":"Ziivoti","article_modified_time":"2024-05-21T17:07:03+00:00","twitter_card":"summary_large_image","twitter_misc":{"Tempo di lettura stimato":"1 minuto"},"schema":{"@context":"https:\/\/schema.org","@graph":[{"@type":"WebPage","@id":"https:\/\/ziivoti.com\/download\/","url":"https:\/\/ziivoti.com\/download\/","name":"Download - Ziivoti","isPartOf":{"@id":"https:\/\/ziivoti.com\/#website"},"datePublished":"2024-05-21T17:07:01+00:00","dateModified":"2024-05-21T17:07:03+00:00","breadcrumb":{"@id":"https:\/\/ziivoti.com\/download\/#breadcrumb"},"inLanguage":"it-IT","potentialAction":[{"@type":"ReadAction","target":["https:\/\/ziivoti.com\/download\/"]}]},{"@type":"BreadcrumbList","@id":"https:\/\/ziivoti.com\/download\/#breadcrumb","itemListElement":[{"@type":"ListItem","position":1,"name":"In\u00edcio","item":"https:\/\/ziivoti.com\/"},{"@type":"ListItem","position":2,"name":"Download"}]},{"@type":"WebSite","@id":"https:\/\/ziivoti.com\/#website","url":"https:\/\/ziivoti.com\/","name":"Ziivoti","description":"Curiosit\u00e0, ricette e suggerimenti.","publisher":{"@id":"https:\/\/ziivoti.com\/#organization"},"potentialAction":[{"@type":"SearchAction","target":{"@type":"EntryPoint","urlTemplate":"https:\/\/ziivoti.com\/?s={search_term_string}"},"query-input":{"@type":"PropertyValueSpecification","valueRequired":true,"valueName":"search_term_string"}}],"inLanguage":"it-IT"},{"@type":"Organization","@id":"https:\/\/ziivoti.com\/#organization","name":"Ziivoti","url":"https:\/\/ziivoti.com\/","logo":{"@type":"ImageObject","inLanguage":"it-IT","@id":"https:\/\/ziivoti.com\/#\/schema\/logo\/image\/","url":"https:\/\/ziivoti.com\/wp-content\/uploads\/2026\/03\/logo-ziivoti.png","contentUrl":"https:\/\/ziivoti.com\/wp-content\/uploads\/2026\/03\/logo-ziivoti.png","width":186,"height":40,"caption":"Ziivoti"},"image":{"@id":"https:\/\/ziivoti.com\/#\/schema\/logo\/image\/"}}]}},"_links":{"self":[{"href":"https:\/\/ziivoti.com\/it\/wp-json\/wp\/v2\/pages\/2035","targetHints":{"allow":["GET"]}}],"collection":[{"href":"https:\/\/ziivoti.com\/it\/wp-json\/wp\/v2\/pages"}],"about":[{"href":"https:\/\/ziivoti.com\/it\/wp-json\/wp\/v2\/types\/page"}],"author":[{"embeddable":true,"href":"https:\/\/ziivoti.com\/it\/wp-json\/wp\/v2\/users\/7"}],"replies":[{"embeddable":true,"href":"https:\/\/ziivoti.com\/it\/wp-json\/wp\/v2\/comments?post=2035"}],"version-history":[{"count":1,"href":"https:\/\/ziivoti.com\/it\/wp-json\/wp\/v2\/pages\/2035\/revisions"}],"predecessor-version":[{"id":2036,"href":"https:\/\/ziivoti.com\/it\/wp-json\/wp\/v2\/pages\/2035\/revisions\/2036"}],"wp:attachment":[{"href":"https:\/\/ziivoti.com\/it\/wp-json\/wp\/v2\/media?parent=2035"}],"curies":[{"name":"wp","href":"https:\/\/api.w.org\/{rel}","templated":true}]}}